{"id":2,"date":"2010-07-15T10:12:11","date_gmt":"2010-07-15T09:12:11","guid":{"rendered":"http:\/\/www.prospekthalter.com\/?page_id=2"},"modified":"2018-05-24T08:11:23","modified_gmt":"2018-05-24T07:11:23","slug":"impressum","status":"publish","type":"page","link":"https:\/\/www.prospekthalter.com\/blog\/impressum\/","title":{"rendered":"Impressum"},"content":{"rendered":"<p><strong>VITAdisplays <\/strong><sup>\u00ae<\/sup><br \/>\nInternational Holding GmbH<br \/>\nGesch\u00e4ftsf\u00fchrer Ben Hoffmeister<br \/>\nDiensthoper Stra\u00dfe 12-14<br \/>\n27313 D\u00f6rverden<br \/>\nDeutschland<\/p>\n<p>Telefon +49 (0) 42 34 \/9 34 24-14<br \/>\nFax +49 (0) 42 34 \/9 34 24-16<br \/>\nHandelsregister-Nr.: HRB202827<br \/>\nUSt.-IdNr.: DE815239200<\/p>\n<p>Email: <a href=\"mailto:Info@VITA-Displays.com\">info@vitadisplays.com<\/a><\/p>\n<p><iframe loading=\"lazy\" src=\"https:\/\/maps.google.com\/maps\/ms?msa=0&amp;msid=212222135154573265770.0004d494cdafe9897ec29&amp;hl=de&amp;ie=UTF8&amp;t=m&amp;ll=52.847973,9.234159&amp;spn=0.001944,0.003219&amp;z=17&amp;output=embed\" marginwidth=\"0\" marginheight=\"0\" scrolling=\"no\" width=\"300\" height=\"300\" frameborder=\"0\"><\/iframe><br \/>\n<small><a style=\"color: #0000ff; text-align: left;\" href=\"https:\/\/maps.google.com\/maps\/ms?msa=0&amp;msid=212222135154573265770.0004d494cdafe9897ec29&amp;hl=de&amp;ie=UTF8&amp;t=m&amp;ll=52.847973,9.234159&amp;spn=0.001944,0.003219&amp;z=17&amp;source=embed\">Standort VITAdisplays\u00ae<\/a> auf einer gr\u00f6\u00dferen Karte anzeigen<\/small><\/p>\n<h2>Datenschutzhinweis<\/h2>\n<p>Die aktuellen Datenschutzhinweise finden Sie <a href=\"https:\/\/www.prospekthalter.com\/blog\/datenschutz\/\">hier.<\/a><\/p>\n","protected":false},"excerpt":{"rendered":"<p>VITAdisplays \u00ae International Holding GmbH Gesch\u00e4ftsf\u00fchrer Ben Hoffmeister Diensthoper Stra\u00dfe 12-14 27313 D\u00f6rverden Deutschland Telefon +49 (0) 42 34 \/9 34 24-14 Fax +49 (0) 42 34 \/9 34 24-16 Handelsregister-Nr.: HRB202827 USt.-IdNr.: DE815239200 Email: info@vitadisplays.com Standort VITAdisplays\u00ae auf einer &hellip; <a href=\"https:\/\/www.prospekthalter.com\/blog\/impressum\/\">Weiterlesen <span class=\"meta-nav\">&rarr;<\/span><\/a><\/p>\n","protected":false},"author":4,"featured_media":0,"parent":0,"menu_order":0,"comment_status":"closed","ping_status":"closed","template":"","meta":{"_monsterinsights_skip_tracking":false,"_monsterinsights_sitenote_active":false,"_monsterinsights_sitenote_note":"","_monsterinsights_sitenote_category":0,"ngg_post_thumbnail":0,"footnotes":""},"class_list":["post-2","page","type-page","status-publish","hentry"],"yoast_head":"<!-- This site is optimized with the Yoast SEO plugin v24.3 - https:\/\/yoast.com\/wordpress\/plugins\/seo\/ -->\n<title>Impressum | VITAdisplays\u00ae Blog<\/title>\n<meta name=\"robots\" content=\"index, follow, max-snippet:-1, max-image-preview:large, max-video-preview:-1\" \/>\n<link rel=\"canonical\" href=\"https:\/\/www.prospekthalter.com\/blog\/impressum\/\" \/>\n<meta property=\"og:locale\" content=\"de_DE\" \/>\n<meta property=\"og:type\" content=\"article\" \/>\n<meta property=\"og:title\" content=\"Impressum | VITAdisplays\u00ae Blog\" \/>\n<meta property=\"og:description\" content=\"VITAdisplays \u00ae International Holding GmbH Gesch\u00e4ftsf\u00fchrer Ben Hoffmeister Diensthoper Stra\u00dfe 12-14 27313 D\u00f6rverden Deutschland Telefon +49 (0) 42 34 \/9 34 24-14 Fax +49 (0) 42 34 \/9 34 24-16 Handelsregister-Nr.: HRB202827 USt.-IdNr.: DE815239200 Email: info@vitadisplays.com Standort VITAdisplays\u00ae auf einer &hellip; Weiterlesen &rarr;\" \/>\n<meta property=\"og:url\" content=\"https:\/\/www.prospekthalter.com\/blog\/impressum\/\" \/>\n<meta property=\"og:site_name\" content=\"VITAdisplays\u00ae Blog\" \/>\n<meta property=\"article:modified_time\" content=\"2018-05-24T07:11:23+00:00\" \/>\n<script type=\"application\/ld+json\" class=\"yoast-schema-graph\">{\"@context\":\"https:\/\/schema.org\",\"@graph\":[{\"@type\":\"WebPage\",\"@id\":\"https:\/\/www.prospekthalter.com\/blog\/impressum\/\",\"url\":\"https:\/\/www.prospekthalter.com\/blog\/impressum\/\",\"name\":\"Impressum | VITAdisplays\u00ae Blog\",\"isPartOf\":{\"@id\":\"https:\/\/www.prospekthalter.com\/blog\/#website\"},\"datePublished\":\"2010-07-15T09:12:11+00:00\",\"dateModified\":\"2018-05-24T07:11:23+00:00\",\"breadcrumb\":{\"@id\":\"https:\/\/www.prospekthalter.com\/blog\/impressum\/#breadcrumb\"},\"inLanguage\":\"de\",\"potentialAction\":[{\"@type\":\"ReadAction\",\"target\":[\"https:\/\/www.prospekthalter.com\/blog\/impressum\/\"]}]},{\"@type\":\"BreadcrumbList\",\"@id\":\"https:\/\/www.prospekthalter.com\/blog\/impressum\/#breadcrumb\",\"itemListElement\":[{\"@type\":\"ListItem\",\"position\":1,\"name\":\"Startseite\",\"item\":\"https:\/\/www.prospekthalter.com\/blog\/\"},{\"@type\":\"ListItem\",\"position\":2,\"name\":\"Impressum\"}]},{\"@type\":\"WebSite\",\"@id\":\"https:\/\/www.prospekthalter.com\/blog\/#website\",\"url\":\"https:\/\/www.prospekthalter.com\/blog\/\",\"name\":\"VITAdisplays\u00ae Blog\",\"description\":\"High Quality POS-Presentation\",\"potentialAction\":[{\"@type\":\"SearchAction\",\"target\":{\"@type\":\"EntryPoint\",\"urlTemplate\":\"https:\/\/www.prospekthalter.com\/blog\/?s={search_term_string}\"},\"query-input\":{\"@type\":\"PropertyValueSpecification\",\"valueRequired\":true,\"valueName\":\"search_term_string\"}}],\"inLanguage\":\"de\"}]}<\/script>\n<!-- \/ Yoast SEO plugin. -->","yoast_head_json":{"title":"Impressum | VITAdisplays\u00ae Blog","robots":{"index":"index","follow":"follow","max-snippet":"max-snippet:-1","max-image-preview":"max-image-preview:large","max-video-preview":"max-video-preview:-1"},"canonical":"https:\/\/www.prospekthalter.com\/blog\/impressum\/","og_locale":"de_DE","og_type":"article","og_title":"Impressum | VITAdisplays\u00ae Blog","og_description":"VITAdisplays \u00ae International Holding GmbH Gesch\u00e4ftsf\u00fchrer Ben Hoffmeister Diensthoper Stra\u00dfe 12-14 27313 D\u00f6rverden Deutschland Telefon +49 (0) 42 34 \/9 34 24-14 Fax +49 (0) 42 34 \/9 34 24-16 Handelsregister-Nr.: HRB202827 USt.-IdNr.: DE815239200 Email: info@vitadisplays.com Standort VITAdisplays\u00ae auf einer &hellip; Weiterlesen &rarr;","og_url":"https:\/\/www.prospekthalter.com\/blog\/impressum\/","og_site_name":"VITAdisplays\u00ae Blog","article_modified_time":"2018-05-24T07:11:23+00:00","schema":{"@context":"https:\/\/schema.org","@graph":[{"@type":"WebPage","@id":"https:\/\/www.prospekthalter.com\/blog\/impressum\/","url":"https:\/\/www.prospekthalter.com\/blog\/impressum\/","name":"Impressum | VITAdisplays\u00ae Blog","isPartOf":{"@id":"https:\/\/www.prospekthalter.com\/blog\/#website"},"datePublished":"2010-07-15T09:12:11+00:00","dateModified":"2018-05-24T07:11:23+00:00","breadcrumb":{"@id":"https:\/\/www.prospekthalter.com\/blog\/impressum\/#breadcrumb"},"inLanguage":"de","potentialAction":[{"@type":"ReadAction","target":["https:\/\/www.prospekthalter.com\/blog\/impressum\/"]}]},{"@type":"BreadcrumbList","@id":"https:\/\/www.prospekthalter.com\/blog\/impressum\/#breadcrumb","itemListElement":[{"@type":"ListItem","position":1,"name":"Startseite","item":"https:\/\/www.prospekthalter.com\/blog\/"},{"@type":"ListItem","position":2,"name":"Impressum"}]},{"@type":"WebSite","@id":"https:\/\/www.prospekthalter.com\/blog\/#website","url":"https:\/\/www.prospekthalter.com\/blog\/","name":"VITAdisplays\u00ae Blog","description":"High Quality POS-Presentation","potentialAction":[{"@type":"SearchAction","target":{"@type":"EntryPoint","urlTemplate":"https:\/\/www.prospekthalter.com\/blog\/?s={search_term_string}"},"query-input":{"@type":"PropertyValueSpecification","valueRequired":true,"valueName":"search_term_string"}}],"inLanguage":"de"}]}},"_links":{"self":[{"href":"https:\/\/www.prospekthalter.com\/blog\/wp-json\/wp\/v2\/pages\/2","targetHints":{"allow":["GET"]}}],"collection":[{"href":"https:\/\/www.prospekthalter.com\/blog\/wp-json\/wp\/v2\/pages"}],"about":[{"href":"https:\/\/www.prospekthalter.com\/blog\/wp-json\/wp\/v2\/types\/page"}],"author":[{"embeddable":true,"href":"https:\/\/www.prospekthalter.com\/blog\/wp-json\/wp\/v2\/users\/4"}],"replies":[{"embeddable":true,"href":"https:\/\/www.prospekthalter.com\/blog\/wp-json\/wp\/v2\/comments?post=2"}],"version-history":[{"count":28,"href":"https:\/\/www.prospekthalter.com\/blog\/wp-json\/wp\/v2\/pages\/2\/revisions"}],"predecessor-version":[{"id":3155,"href":"https:\/\/www.prospekthalter.com\/blog\/wp-json\/wp\/v2\/pages\/2\/revisions\/3155"}],"wp:attachment":[{"href":"https:\/\/www.prospekthalter.com\/blog\/wp-json\/wp\/v2\/media?parent=2"}],"curies":[{"name":"wp","href":"https:\/\/api.w.org\/{rel}","templated":true}]}}