{"id":2385,"date":"2013-11-17T17:58:44","date_gmt":"2013-11-17T16:58:44","guid":{"rendered":"http:\/\/www.prospekthalter.com\/blog\/?page_id=2385"},"modified":"2026-03-27T16:35:01","modified_gmt":"2026-03-27T15:35:01","slug":"galerie","status":"publish","type":"page","link":"https:\/\/www.prospekthalter.com\/blog\/galerie\/","title":{"rendered":"Galerie"},"content":{"rendered":"<p class=\"gallery-intro\">Einblicke in die Welt von VITAdisplays\u00ae \u2014 Werkstatt, Produkte und Verarbeitungstechniken f\u00fcr PLEXIGLAS\u00ae und Acrylglas.<\/p>\n<h2>PLEXIGLAS\u00ae schneiden<\/h2>\n<div class=\"gallery-grid\">\n<div class=\"gallery-item wide\">\n<a href=\"https:\/\/www.prospekthalter.com\/blog\/plexiglas-ratgeber\/plexiglas-schneiden\/\"><img decoding=\"async\" src=\"https:\/\/www.prospekthalter.com\/blog\/wp-content\/uploads\/2026\/03\/plexiglas-schneiden-header.png\" alt=\"PLEXIGLAS schneiden in der Werkstatt\" \/><\/a><\/p>\n<div class=\"gallery-caption\">PLEXIGLAS\u00ae schneiden \u2014 Kreiss\u00e4ge, Stichs\u00e4ge, Ritzbrechen<\/div>\n<\/div>\n<div class=\"gallery-item\">\n<a href=\"https:\/\/www.prospekthalter.com\/blog\/plexiglas-ratgeber\/plexiglas-schneiden\/\"><img decoding=\"async\" src=\"https:\/\/www.prospekthalter.com\/blog\/wp-content\/uploads\/2026\/03\/plexiglas-kreissaege.png\" alt=\"PLEXIGLAS Kreiss\u00e4ge Zuschnitt\" \/><\/a><\/p>\n<div class=\"gallery-caption\">Pr\u00e4ziser Zuschnitt mit der Kreiss\u00e4ge<\/div>\n<\/div>\n<div class=\"gallery-item\">\n<a href=\"https:\/\/www.prospekthalter.com\/blog\/plexiglas-ratgeber\/plexiglas-schneiden\/\"><img decoding=\"async\" src=\"https:\/\/www.prospekthalter.com\/blog\/wp-content\/uploads\/2026\/03\/plexiglas-laserschneiden.png\" alt=\"PLEXIGLAS Laserschneiden\" \/><\/a><\/p>\n<div class=\"gallery-caption\">Laserschneiden f\u00fcr perfekte Konturen<\/div>\n<\/div>\n<div class=\"gallery-item\">\n<a href=\"https:\/\/www.prospekthalter.com\/blog\/plexiglas-ratgeber\/plexiglas-schneiden\/\"><img decoding=\"async\" src=\"https:\/\/www.prospekthalter.com\/blog\/wp-content\/uploads\/2026\/03\/plexiglas-stichsaege.png\" alt=\"PLEXIGLAS mit Stichs\u00e4ge schneiden\" \/><\/a><\/p>\n<div class=\"gallery-caption\">Kurvenschnitte mit der Stichs\u00e4ge<\/div>\n<\/div>\n<div class=\"gallery-item\">\n<a href=\"https:\/\/www.prospekthalter.com\/blog\/plexiglas-ratgeber\/plexiglas-schneiden\/\"><img decoding=\"async\" src=\"https:\/\/www.prospekthalter.com\/blog\/wp-content\/uploads\/2026\/03\/plexiglas-ritzbrechen.png\" alt=\"PLEXIGLAS Ritzbrechen\" \/><\/a><\/p>\n<div class=\"gallery-caption\">Ritzbrechen f\u00fcr d\u00fcnne Platten bis 3 mm<\/div>\n<\/div>\n<\/div>\n<h2>PLEXIGLAS\u00ae kleben<\/h2>\n<div class=\"gallery-grid\">\n<div class=\"gallery-item wide\">\n<a href=\"https:\/\/www.prospekthalter.com\/blog\/plexiglas-ratgeber\/plexiglas-kleben-anleitung-mit-den-richtigen-klebstoffen-fuer-unsichtbare-verklebungen\/\"><img decoding=\"async\" src=\"https:\/\/www.prospekthalter.com\/blog\/wp-content\/uploads\/2026\/03\/header-plexiglas-kleben-1.png\" alt=\"PLEXIGLAS kleben mit ACRIFIX\" \/><\/a><\/p>\n<div class=\"gallery-caption\">PLEXIGLAS\u00ae kleben \u2014 professionelle Kantenverklebung<\/div>\n<\/div>\n<div class=\"gallery-item\">\n<a href=\"https:\/\/www.prospekthalter.com\/blog\/plexiglas-ratgeber\/plexiglas-kleben-anleitung-mit-den-richtigen-klebstoffen-fuer-unsichtbare-verklebungen\/\"><img decoding=\"async\" src=\"https:\/\/www.prospekthalter.com\/blog\/wp-content\/uploads\/2026\/03\/plexiglas-klebstoff-auftragen-1.png\" alt=\"ACRIFIX Klebstoff auftragen\" \/><\/a><\/p>\n<div class=\"gallery-caption\">ACRIFIX\u00ae Klebstoff gezielt auftragen<\/div>\n<\/div>\n<div class=\"gallery-item wide\">\n<a href=\"https:\/\/www.prospekthalter.com\/blog\/plexiglas-ratgeber\/plexiglas-kleben-anleitung-mit-den-richtigen-klebstoffen-fuer-unsichtbare-verklebungen\/\"><img decoding=\"async\" src=\"https:\/\/www.prospekthalter.com\/blog\/wp-content\/uploads\/2026\/03\/plexiglas-kantenverklebung-1.png\" alt=\"PLEXIGLAS Kantenverklebung UV-H\u00e4rtung\" \/><\/a><\/p>\n<div class=\"gallery-caption\">UV-H\u00e4rtung einer Kantenverklebung<\/div>\n<\/div>\n<div class=\"gallery-item\">\n<a href=\"https:\/\/www.prospekthalter.com\/blog\/plexiglas-ratgeber\/plexiglas-kleben-anleitung-mit-den-richtigen-klebstoffen-fuer-unsichtbare-verklebungen\/\"><img decoding=\"async\" src=\"https:\/\/www.prospekthalter.com\/blog\/wp-content\/uploads\/2026\/03\/plexiglas-kleben-vorbereitung-1.png\" alt=\"Klebefl\u00e4chen reinigen Isopropanol\" \/><\/a><\/p>\n<div class=\"gallery-caption\">Klebefl\u00e4chen mit Isopropanol reinigen<\/div>\n<\/div>\n<\/div>\n<h2>PLEXIGLAS\u00ae bohren<\/h2>\n<div class=\"gallery-grid\">\n<div class=\"gallery-item wide\">\n<a href=\"https:\/\/www.prospekthalter.com\/blog\/plexiglas-ratgeber\/plexiglas-bohren\/\"><img decoding=\"async\" src=\"https:\/\/www.prospekthalter.com\/blog\/wp-content\/uploads\/2026\/03\/header-plexiglas-bohren-1.png\" alt=\"PLEXIGLAS bohren St\u00e4nderbohrmaschine\" \/><\/a><\/p>\n<div class=\"gallery-caption\">PLEXIGLAS\u00ae bohren \u2014 sauber und rissfrei<\/div>\n<\/div>\n<div class=\"gallery-item\">\n<a href=\"https:\/\/www.prospekthalter.com\/blog\/plexiglas-ratgeber\/plexiglas-bohren\/\"><img decoding=\"async\" src=\"https:\/\/www.prospekthalter.com\/blog\/wp-content\/uploads\/2026\/03\/bohrer-fuer-plexiglas-1.png\" alt=\"Spezialbohrer f\u00fcr PLEXIGLAS\" \/><\/a><\/p>\n<div class=\"gallery-caption\">Spezialbohrer f\u00fcr PLEXIGLAS\u00ae<\/div>\n<\/div>\n<div class=\"gallery-item wide\">\n<a href=\"https:\/\/www.prospekthalter.com\/blog\/plexiglas-ratgeber\/plexiglas-bohren\/\"><img decoding=\"async\" src=\"https:\/\/www.prospekthalter.com\/blog\/wp-content\/uploads\/2026\/03\/plexiglas-bohren-praxis-1.png\" alt=\"PLEXIGLAS bohren in der Praxis\" \/><\/a><\/p>\n<div class=\"gallery-caption\">Bohren in der Praxis mit Akkubohrmaschine<\/div>\n<\/div>\n<div class=\"gallery-item\">\n<a href=\"https:\/\/www.prospekthalter.com\/blog\/plexiglas-ratgeber\/plexiglas-bohren\/\"><img decoding=\"async\" src=\"https:\/\/www.prospekthalter.com\/blog\/wp-content\/uploads\/2026\/03\/plexiglas-bohrung-entgraten-1.png\" alt=\"Bohrung in PLEXIGLAS entgraten und anfasen\" \/><\/a><\/p>\n<div class=\"gallery-caption\">Bohrung anfasen und entgraten f\u00fcr saubere Kanten<\/div>\n<\/div>\n<\/div>\n<h2>Anwendungen &amp; Inspiration<\/h2>\n<div class=\"gallery-grid\">\n<div class=\"gallery-item wide\">\n<img decoding=\"async\" src=\"https:\/\/www.prospekthalter.com\/blog\/wp-content\/uploads\/2026\/03\/galerie-gewaechshaus-garten.jpg\" alt=\"Gew\u00e4chshaus aus Acrylglas im Garten\" \/><\/p>\n<div class=\"gallery-caption\">Gew\u00e4chshaus aus Acrylglas \u2014 lichtdurchl\u00e4ssig und witterungsbest\u00e4ndig<\/div>\n<\/div>\n<div class=\"gallery-item\">\n<img decoding=\"async\" src=\"https:\/\/www.prospekthalter.com\/blog\/wp-content\/uploads\/2026\/03\/galerie-tischplatte-acrylglas.jpg\" alt=\"Transparenter Tischaufleger aus Acrylglas auf Eichentisch\" \/><\/p>\n<div class=\"gallery-caption\">Tischaufleger aus klarem Acrylglas \u2014 sch\u00fctzt Holzoberfl\u00e4chen unsichtbar<\/div>\n<\/div>\n<div class=\"gallery-item\">\n<img decoding=\"async\" src=\"https:\/\/www.prospekthalter.com\/blog\/wp-content\/uploads\/2026\/03\/galerie-raumteiler-satiniert.jpg\" alt=\"Raumteiler aus satiniertem Acrylglas\" \/><\/p>\n<div class=\"gallery-caption\">Raumteiler aus satiniertem Acrylglas \u2014 Sichtschutz mit Stil<\/div>\n<\/div>\n<div class=\"gallery-item\">\n<img decoding=\"async\" src=\"https:\/\/www.prospekthalter.com\/blog\/wp-content\/uploads\/2026\/03\/galerie-gartentisch-satiniert.jpg\" alt=\"Satinierte Acrylglas-Tischplatte auf Rattan-Gartentisch\" \/><\/p>\n<div class=\"gallery-caption\">Satinierte Tischplatte auf Rattan \u2014 elegant im Au\u00dfenbereich<\/div>\n<\/div>\n<div class=\"gallery-item\">\n<img decoding=\"async\" src=\"https:\/\/www.prospekthalter.com\/blog\/wp-content\/uploads\/2026\/03\/galerie-sammlerregal-acrylglas.jpg\" alt=\"Sammlerregal aus transparentem Acrylglas\" \/><\/p>\n<div class=\"gallery-caption\">Sammlerregal aus Acrylglas \u2014 Modellautos perfekt in Szene gesetzt<\/div>\n<\/div>\n<div class=\"gallery-item\">\n<img decoding=\"async\" src=\"https:\/\/www.prospekthalter.com\/blog\/wp-content\/uploads\/2026\/03\/galerie-badezimmer-acrylglas-regal.jpg\" alt=\"Badezimmer-Organizer aus transparentem Acrylglas\" \/><\/p>\n<div class=\"gallery-caption\">Badezimmer-Organizer aus transparentem Acrylglas<\/div>\n<\/div>\n<div class=\"gallery-item\">\n<img decoding=\"async\" src=\"https:\/\/www.prospekthalter.com\/blog\/wp-content\/uploads\/2026\/03\/galerie-gewaechshaus-bunt.jpg\" alt=\"Gew\u00e4chshaus aus farbigem Acrylglas\" \/><\/p>\n<div class=\"gallery-caption\">Farbiges Acrylglas \u2014 Lichtspiel im Garten<\/div>\n<\/div>\n<div class=\"gallery-item\">\n<img decoding=\"async\" src=\"https:\/\/www.prospekthalter.com\/blog\/wp-content\/uploads\/2026\/03\/galerie-raumteiler-vangogh.jpg\" alt=\"Kunstvoller Raumteiler aus bedrucktem Acrylglas\" \/><\/p>\n<div class=\"gallery-caption\">Kunstvoller Raumteiler aus bedrucktem Acrylglas<\/div>\n<\/div>\n<div class=\"gallery-item\">\n<img decoding=\"async\" src=\"https:\/\/www.prospekthalter.com\/blog\/wp-content\/uploads\/2026\/03\/terrassendach-acrylglas.jpg\" alt=\"Moderne Terrassen\u00fcberdachung aus transparenten Acrylglas-Paneelen\" \/><\/p>\n<div class=\"gallery-caption\">Terrassen\u00fcberdachung aus Acrylglas \u2014 Wetterschutz mit freiem Blick<\/div>\n<\/div>\n<div class=\"gallery-item\">\n<img decoding=\"async\" src=\"https:\/\/www.prospekthalter.com\/blog\/wp-content\/uploads\/2026\/03\/schmuck-display-acrylglas.jpg\" alt=\"Schmuck-Display aus transparentem Acrylglas im Einzelhandel\" \/><\/p>\n<div class=\"gallery-caption\">Schmuck-Display aus Acrylglas \u2014 edle Warenpr\u00e4sentation<\/div>\n<\/div>\n<div class=\"gallery-item\">\n<img decoding=\"async\" src=\"https:\/\/www.prospekthalter.com\/blog\/wp-content\/uploads\/2026\/03\/treppengelaender-acrylglas.jpg\" alt=\"Treppengel\u00e4nder aus transparentem Acrylglas in modernem Wohnhaus\" \/><\/p>\n<div class=\"gallery-caption\">Treppengel\u00e4nder aus Acrylglas \u2014 Sicherheit trifft modernes Design<\/div>\n<\/div>\n<div class=\"gallery-item\">\n<a href=\"https:\/\/www.prospekthalter.com\/blog\/plexiglas-ratgeber\/plexiglas-reinigen\/\"><br \/>\n<img decoding=\"async\" src=\"https:\/\/www.prospekthalter.com\/blog\/wp-content\/uploads\/2026\/03\/reinigen_wischmethode.png\" alt=\"Plexiglas reinigen mit Mikrofasertuch \u2014 schonende Pflege f\u00fcr Acrylglas\" \/><\/p>\n<div class=\"gallery-caption\">Plexiglas richtig reinigen \u2014 sanft und streifenfrei mit Mikrofasertuch<\/div>\n<p><\/a>\n<\/div>\n<div class=\"gallery-item\">\n<a href=\"https:\/\/www.prospekthalter.com\/blog\/plexiglas-ratgeber\/plexiglas-reinigen\/\"><br \/>\n<img decoding=\"async\" src=\"https:\/\/www.prospekthalter.com\/blog\/wp-content\/uploads\/2026\/03\/reinigen_anwendungen.png\" alt=\"Kristallklare PLEXIGLAS-Displays und Vitrinen im Einzelhandel\" \/><\/p>\n<div class=\"gallery-caption\">Kristallklare Displays \u2014 mit der richtigen Pflege dauerhaft brillant<\/div>\n<p><\/a>\n<\/div>\n<div class=\"gallery-item\">\n<a href=\"https:\/\/www.prospekthalter.com\/blog\/plexiglas-ratgeber\/plexiglas-reinigen\/\"><br \/>\n<img decoding=\"async\" src=\"https:\/\/www.prospekthalter.com\/blog\/wp-content\/uploads\/2026\/03\/reinigen_kratzer_polieren.png\" alt=\"Leichte Kratzer aus Plexiglas polieren mit Polierpaste\" \/><\/p>\n<div class=\"gallery-caption\">Kratzer aus Plexiglas entfernen \u2014 mit Polierpaste und weichem Tuch<\/div>\n<p><\/a>\n<\/div>\n<div class=\"gallery-item\">\n<a href=\"https:\/\/www.prospekthalter.com\/blog\/plexiglas-ratgeber\/plexiglas-beschriften-bemalen-gravieren\/\"><br \/>\n<img decoding=\"async\" src=\"https:\/\/www.prospekthalter.com\/blog\/wp-content\/uploads\/2026\/03\/acrylmalerei-plexiglas-atelier.png\" alt=\"K\u00fcnstlerin malt mit Acrylfarben auf transparenter Acrylglas-Platte\" \/><\/p>\n<div class=\"gallery-caption\">Acrylmalerei auf Plexiglas \u2014 kreative Kunst auf transparentem Material<\/div>\n<p><\/a>\n<\/div>\n<div class=\"gallery-item\">\n<a href=\"https:\/\/www.prospekthalter.com\/blog\/plexiglas-ratgeber\/plexiglas-beschriften-bemalen-gravieren\/\"><br \/>\n<img decoding=\"async\" src=\"https:\/\/www.prospekthalter.com\/blog\/wp-content\/uploads\/2026\/03\/glasmalerei-effekt-plexiglas-staffelei.png\" alt=\"Glasmalerei-Effekt auf Plexiglas-Platte im Gegenlicht\" \/><\/p>\n<div class=\"gallery-caption\">Glasmalerei auf Plexiglas \u2014 leuchtende Farben wie bei echtem Kirchenglas<\/div>\n<p><\/a>\n<\/div>\n<div class=\"gallery-item\">\n<a href=\"https:\/\/www.prospekthalter.com\/blog\/plexiglas-ratgeber\/plexiglas-beschriften-bemalen-gravieren\/\"><br \/>\n<img decoding=\"async\" src=\"https:\/\/www.prospekthalter.com\/blog\/wp-content\/uploads\/2026\/03\/led-gravur-plexiglas-berglandschaft.png\" alt=\"Leuchtende Lasergravur auf Acrylglas mit LED-Kantenbeleuchtung\" \/><\/p>\n<div class=\"gallery-caption\">LED-Gravur auf Acrylglas \u2014 Lasergravur trifft Kantenbeleuchtung<\/div>\n<p><\/a>\n<\/div>\n<\/div>\n<h2>Material &amp; Produktion<\/h2>\n<div class=\"gallery-grid\">\n<div class=\"gallery-item wide\">\n<img decoding=\"async\" src=\"https:\/\/www.prospekthalter.com\/blog\/wp-content\/uploads\/2026\/03\/galerie-plexiglas-praezisionszuschnitt.jpg\" alt=\"PLEXIGLAS Pr\u00e4zisionszuschnitt\" \/><\/p>\n<div class=\"gallery-caption\">PLEXIGLAS\u00ae Pr\u00e4zisionszuschnitt \u2014 Hergestellt in Deutschland<\/div>\n<\/div>\n<div class=\"gallery-item\">\n<img decoding=\"async\" src=\"https:\/\/www.prospekthalter.com\/blog\/wp-content\/uploads\/2026\/03\/galerie-plexiglas-varianten.jpg\" alt=\"PLEXIGLAS Varianten klar satiniert wei\u00df schwarz\" \/><\/p>\n<div class=\"gallery-caption\">Vielfalt: klar, satiniert, wei\u00df und schwarz<\/div>\n<\/div>\n<div class=\"gallery-item\">\n<img decoding=\"async\" src=\"https:\/\/www.prospekthalter.com\/blog\/wp-content\/uploads\/2026\/03\/galerie-acrylglas-bloecke.jpg\" alt=\"Acrylglas-Bl\u00f6cke im Lichtspiel\" \/><\/p>\n<div class=\"gallery-caption\">Acrylglas-Bl\u00f6cke \u2014 massives Material f\u00fcr besondere Projekte<\/div>\n<\/div>\n<div class=\"gallery-item\">\n<img decoding=\"async\" src=\"https:\/\/www.prospekthalter.com\/blog\/wp-content\/uploads\/2026\/03\/galerie-acrylglas-platten-farbig.jpg\" alt=\"Farbige Acrylglas-Platten in verschiedenen T\u00f6nen\" \/><\/p>\n<div class=\"gallery-caption\">Farbiges Acrylglas \u2014 durchgef\u00e4rbt in vielen T\u00f6nen<\/div>\n<\/div>\n<div class=\"gallery-item\">\n<img decoding=\"async\" src=\"https:\/\/www.prospekthalter.com\/blog\/wp-content\/uploads\/2026\/03\/galerie-cnc-produktion.jpg\" alt=\"CNC-gesteuerte Zuschnitt-Produktion\" \/><\/p>\n<div class=\"gallery-caption\">CNC-gesteuerte Zuschnitt-Produktion bei VITAdisplays\u00ae<\/div>\n<\/div>\n<div class=\"gallery-item wide\">\n<img decoding=\"async\" src=\"https:\/\/www.prospekthalter.com\/blog\/wp-content\/uploads\/2026\/03\/galerie-lagerhalle-paletten.jpg\" alt=\"PLEXIGLAS Platten auf Paletten\" \/><\/p>\n<div class=\"gallery-caption\">PLEXIGLAS\u00ae Platten auf Paletten \u2014 bereit f\u00fcr den Versand<\/div>\n<\/div>\n<div class=\"gallery-item\">\n<a href=\"https:\/\/www.prospekthalter.com\/blog\/wissenswert\/plexiglas-zuschnitt-ratgeber\/\"><img decoding=\"async\" src=\"https:\/\/www.prospekthalter.com\/blog\/wp-content\/uploads\/2026\/03\/galerie-zuschnitte-staerken.jpg\" alt=\"PLEXIGLAS Zuschnitte verschiedene St\u00e4rken\" \/><\/a><\/p>\n<div class=\"gallery-caption\">Zuschnitte in verschiedenen St\u00e4rken \u2014 von 2 bis 80 mm<\/div>\n<\/div>\n<div class=\"gallery-item wide\">\n<a href=\"https:\/\/www.prospekthalter.com\/blog\/plexiglas-ratgeber\/plexiglas-vs-glas\/\"><br \/>\n<img decoding=\"async\" src=\"https:\/\/www.prospekthalter.com\/blog\/wp-content\/uploads\/2026\/03\/hero-vergleich-glas-acryl.jpg\" alt=\"PLEXIGLAS und Glas im direkten Vergleich auf einer Werkbank\" \/><\/p>\n<div class=\"gallery-caption\">PLEXIGLAS\u00ae und Glas im Vergleich \u2014 zwei Materialien, viele Unterschiede<\/div>\n<p><\/a>\n<\/div>\n<div class=\"gallery-item\">\n<a href=\"https:\/\/www.prospekthalter.com\/blog\/plexiglas-ratgeber\/plexiglas-vs-glas\/\"><br \/>\n<img decoding=\"async\" src=\"https:\/\/www.prospekthalter.com\/blog\/wp-content\/uploads\/2026\/03\/foto-werkstatt-final.png\" alt=\"PLEXIGLAS Verarbeitung in der Werkstatt mit Standardwerkzeug\" \/><\/p>\n<div class=\"gallery-caption\">Acrylglas l\u00e4sst sich mit Standardwerkzeug bearbeiten \u2014 Glas nicht<\/div>\n<p><\/a>\n<\/div>\n<\/div>\n<div class=\"cta-box\">\n<p class=\"cta-headline\">PLEXIGLAS\u00ae Zuschnitte direkt vom Fachhandel<\/p>\n<p>Ma\u00dfgenaue Zuschnitte aus PLEXIGLAS\u00ae GS und XT \u2014 in jeder gew\u00fcnschten St\u00e4rke und Farbe.<\/p>\n<p><a class=\"cta-button\" href=\"https:\/\/www.prospekthalter.com\/PLEXIGLAS-Zuschnitte\/\">Jetzt Zuschnitte konfigurieren<\/a><\/p>\n<\/div>\n","protected":false},"excerpt":{"rendered":"<p>Einblicke in die Welt von VITAdisplays\u00ae \u2014 Werkstatt, Produkte und Verarbeitungstechniken f\u00fcr PLEXIGLAS\u00ae und Acrylglas. PLEXIGLAS\u00ae schneiden PLEXIGLAS\u00ae schneiden \u2014 Kreiss\u00e4ge, Stichs\u00e4ge, Ritzbrechen Pr\u00e4ziser Zuschnitt mit der Kreiss\u00e4ge Laserschneiden f\u00fcr perfekte Konturen Kurvenschnitte mit der Stichs\u00e4ge Ritzbrechen f\u00fcr d\u00fcnne Platten &hellip; <a href=\"https:\/\/www.prospekthalter.com\/blog\/galerie\/\">Weiterlesen <span class=\"meta-nav\">&rarr;<\/span><\/a><\/p>\n","protected":false},"author":2,"featured_media":0,"parent":0,"menu_order":0,"comment_status":"open","ping_status":"open","template":"","meta":{"_monsterinsights_skip_tracking":false,"_monsterinsights_sitenote_active":false,"_monsterinsights_sitenote_note":"","_monsterinsights_sitenote_category":0,"ngg_post_thumbnail":0,"footnotes":""},"class_list":["post-2385","page","type-page","status-publish","hentry"],"yoast_head":"<!-- This site is optimized with the Yoast SEO plugin v24.3 - https:\/\/yoast.com\/wordpress\/plugins\/seo\/ -->\n<title>Galerie | VITAdisplays\u00ae Blog<\/title>\n<meta name=\"robots\" content=\"index, follow, max-snippet:-1, max-image-preview:large, max-video-preview:-1\" \/>\n<link rel=\"canonical\" href=\"https:\/\/www.prospekthalter.com\/blog\/galerie\/\" \/>\n<meta property=\"og:locale\" content=\"de_DE\" \/>\n<meta property=\"og:type\" content=\"article\" \/>\n<meta property=\"og:title\" content=\"Galerie | VITAdisplays\u00ae Blog\" \/>\n<meta property=\"og:description\" content=\"Einblicke in die Welt von VITAdisplays\u00ae \u2014 Werkstatt, Produkte und Verarbeitungstechniken f\u00fcr PLEXIGLAS\u00ae und Acrylglas. PLEXIGLAS\u00ae schneiden PLEXIGLAS\u00ae schneiden \u2014 Kreiss\u00e4ge, Stichs\u00e4ge, Ritzbrechen Pr\u00e4ziser Zuschnitt mit der Kreiss\u00e4ge Laserschneiden f\u00fcr perfekte Konturen Kurvenschnitte mit der Stichs\u00e4ge Ritzbrechen f\u00fcr d\u00fcnne Platten &hellip; Weiterlesen &rarr;\" \/>\n<meta property=\"og:url\" content=\"https:\/\/www.prospekthalter.com\/blog\/galerie\/\" \/>\n<meta property=\"og:site_name\" content=\"VITAdisplays\u00ae Blog\" \/>\n<meta property=\"article:modified_time\" content=\"2026-03-27T15:35:01+00:00\" \/>\n<meta property=\"og:image\" content=\"https:\/\/www.prospekthalter.com\/blog\/wp-content\/uploads\/2026\/03\/plexiglas-schneiden-header.png\" \/>\n<meta name=\"twitter:label1\" content=\"Gesch\u00e4tzte Lesezeit\" \/>\n\t<meta name=\"twitter:data1\" content=\"2\u00a0Minuten\" \/>\n<script type=\"application\/ld+json\" class=\"yoast-schema-graph\">{\"@context\":\"https:\/\/schema.org\",\"@graph\":[{\"@type\":\"WebPage\",\"@id\":\"https:\/\/www.prospekthalter.com\/blog\/galerie\/\",\"url\":\"https:\/\/www.prospekthalter.com\/blog\/galerie\/\",\"name\":\"Galerie | VITAdisplays\u00ae Blog\",\"isPartOf\":{\"@id\":\"https:\/\/www.prospekthalter.com\/blog\/#website\"},\"primaryImageOfPage\":{\"@id\":\"https:\/\/www.prospekthalter.com\/blog\/galerie\/#primaryimage\"},\"image\":{\"@id\":\"https:\/\/www.prospekthalter.com\/blog\/galerie\/#primaryimage\"},\"thumbnailUrl\":\"https:\/\/www.prospekthalter.com\/blog\/wp-content\/uploads\/2026\/03\/plexiglas-schneiden-header.png\",\"datePublished\":\"2013-11-17T16:58:44+00:00\",\"dateModified\":\"2026-03-27T15:35:01+00:00\",\"breadcrumb\":{\"@id\":\"https:\/\/www.prospekthalter.com\/blog\/galerie\/#breadcrumb\"},\"inLanguage\":\"de\",\"potentialAction\":[{\"@type\":\"ReadAction\",\"target\":[\"https:\/\/www.prospekthalter.com\/blog\/galerie\/\"]}]},{\"@type\":\"ImageObject\",\"inLanguage\":\"de\",\"@id\":\"https:\/\/www.prospekthalter.com\/blog\/galerie\/#primaryimage\",\"url\":\"https:\/\/www.prospekthalter.com\/blog\/wp-content\/uploads\/2026\/03\/plexiglas-schneiden-header.png\",\"contentUrl\":\"https:\/\/www.prospekthalter.com\/blog\/wp-content\/uploads\/2026\/03\/plexiglas-schneiden-header.png\",\"width\":2752,\"height\":1536,\"caption\":\"Plexiglas schneiden - Header Werkstattszene mit PLEXIGLAS Platten und Werkzeug\"},{\"@type\":\"BreadcrumbList\",\"@id\":\"https:\/\/www.prospekthalter.com\/blog\/galerie\/#breadcrumb\",\"itemListElement\":[{\"@type\":\"ListItem\",\"position\":1,\"name\":\"Startseite\",\"item\":\"https:\/\/www.prospekthalter.com\/blog\/\"},{\"@type\":\"ListItem\",\"position\":2,\"name\":\"Galerie\"}]},{\"@type\":\"WebSite\",\"@id\":\"https:\/\/www.prospekthalter.com\/blog\/#website\",\"url\":\"https:\/\/www.prospekthalter.com\/blog\/\",\"name\":\"VITAdisplays\u00ae Blog\",\"description\":\"High Quality POS-Presentation\",\"potentialAction\":[{\"@type\":\"SearchAction\",\"target\":{\"@type\":\"EntryPoint\",\"urlTemplate\":\"https:\/\/www.prospekthalter.com\/blog\/?s={search_term_string}\"},\"query-input\":{\"@type\":\"PropertyValueSpecification\",\"valueRequired\":true,\"valueName\":\"search_term_string\"}}],\"inLanguage\":\"de\"}]}<\/script>\n<!-- \/ Yoast SEO plugin. -->","yoast_head_json":{"title":"Galerie | VITAdisplays\u00ae Blog","robots":{"index":"index","follow":"follow","max-snippet":"max-snippet:-1","max-image-preview":"max-image-preview:large","max-video-preview":"max-video-preview:-1"},"canonical":"https:\/\/www.prospekthalter.com\/blog\/galerie\/","og_locale":"de_DE","og_type":"article","og_title":"Galerie | VITAdisplays\u00ae Blog","og_description":"Einblicke in die Welt von VITAdisplays\u00ae \u2014 Werkstatt, Produkte und Verarbeitungstechniken f\u00fcr PLEXIGLAS\u00ae und Acrylglas. PLEXIGLAS\u00ae schneiden PLEXIGLAS\u00ae schneiden \u2014 Kreiss\u00e4ge, Stichs\u00e4ge, Ritzbrechen Pr\u00e4ziser Zuschnitt mit der Kreiss\u00e4ge Laserschneiden f\u00fcr perfekte Konturen Kurvenschnitte mit der Stichs\u00e4ge Ritzbrechen f\u00fcr d\u00fcnne Platten &hellip; Weiterlesen &rarr;","og_url":"https:\/\/www.prospekthalter.com\/blog\/galerie\/","og_site_name":"VITAdisplays\u00ae Blog","article_modified_time":"2026-03-27T15:35:01+00:00","og_image":[{"url":"https:\/\/www.prospekthalter.com\/blog\/wp-content\/uploads\/2026\/03\/plexiglas-schneiden-header.png","type":"","width":"","height":""}],"twitter_misc":{"Gesch\u00e4tzte Lesezeit":"2\u00a0Minuten"},"schema":{"@context":"https:\/\/schema.org","@graph":[{"@type":"WebPage","@id":"https:\/\/www.prospekthalter.com\/blog\/galerie\/","url":"https:\/\/www.prospekthalter.com\/blog\/galerie\/","name":"Galerie | VITAdisplays\u00ae Blog","isPartOf":{"@id":"https:\/\/www.prospekthalter.com\/blog\/#website"},"primaryImageOfPage":{"@id":"https:\/\/www.prospekthalter.com\/blog\/galerie\/#primaryimage"},"image":{"@id":"https:\/\/www.prospekthalter.com\/blog\/galerie\/#primaryimage"},"thumbnailUrl":"https:\/\/www.prospekthalter.com\/blog\/wp-content\/uploads\/2026\/03\/plexiglas-schneiden-header.png","datePublished":"2013-11-17T16:58:44+00:00","dateModified":"2026-03-27T15:35:01+00:00","breadcrumb":{"@id":"https:\/\/www.prospekthalter.com\/blog\/galerie\/#breadcrumb"},"inLanguage":"de","potentialAction":[{"@type":"ReadAction","target":["https:\/\/www.prospekthalter.com\/blog\/galerie\/"]}]},{"@type":"ImageObject","inLanguage":"de","@id":"https:\/\/www.prospekthalter.com\/blog\/galerie\/#primaryimage","url":"https:\/\/www.prospekthalter.com\/blog\/wp-content\/uploads\/2026\/03\/plexiglas-schneiden-header.png","contentUrl":"https:\/\/www.prospekthalter.com\/blog\/wp-content\/uploads\/2026\/03\/plexiglas-schneiden-header.png","width":2752,"height":1536,"caption":"Plexiglas schneiden - Header Werkstattszene mit PLEXIGLAS Platten und Werkzeug"},{"@type":"BreadcrumbList","@id":"https:\/\/www.prospekthalter.com\/blog\/galerie\/#breadcrumb","itemListElement":[{"@type":"ListItem","position":1,"name":"Startseite","item":"https:\/\/www.prospekthalter.com\/blog\/"},{"@type":"ListItem","position":2,"name":"Galerie"}]},{"@type":"WebSite","@id":"https:\/\/www.prospekthalter.com\/blog\/#website","url":"https:\/\/www.prospekthalter.com\/blog\/","name":"VITAdisplays\u00ae Blog","description":"High Quality POS-Presentation","potentialAction":[{"@type":"SearchAction","target":{"@type":"EntryPoint","urlTemplate":"https:\/\/www.prospekthalter.com\/blog\/?s={search_term_string}"},"query-input":{"@type":"PropertyValueSpecification","valueRequired":true,"valueName":"search_term_string"}}],"inLanguage":"de"}]}},"_links":{"self":[{"href":"https:\/\/www.prospekthalter.com\/blog\/wp-json\/wp\/v2\/pages\/2385","targetHints":{"allow":["GET"]}}],"collection":[{"href":"https:\/\/www.prospekthalter.com\/blog\/wp-json\/wp\/v2\/pages"}],"about":[{"href":"https:\/\/www.prospekthalter.com\/blog\/wp-json\/wp\/v2\/types\/page"}],"author":[{"embeddable":true,"href":"https:\/\/www.prospekthalter.com\/blog\/wp-json\/wp\/v2\/users\/2"}],"replies":[{"embeddable":true,"href":"https:\/\/www.prospekthalter.com\/blog\/wp-json\/wp\/v2\/comments?post=2385"}],"version-history":[{"count":31,"href":"https:\/\/www.prospekthalter.com\/blog\/wp-json\/wp\/v2\/pages\/2385\/revisions"}],"predecessor-version":[{"id":5082,"href":"https:\/\/www.prospekthalter.com\/blog\/wp-json\/wp\/v2\/pages\/2385\/revisions\/5082"}],"wp:attachment":[{"href":"https:\/\/www.prospekthalter.com\/blog\/wp-json\/wp\/v2\/media?parent=2385"}],"curies":[{"name":"wp","href":"https:\/\/api.w.org\/{rel}","templated":true}]}}